{"id":988786,"date":"2026-01-28T11:28:41","date_gmt":"2026-01-28T11:28:41","guid":{"rendered":"https:\/\/etchegaray2026.fr\/contact-etchegaray-municipales-2026\/"},"modified":"2026-02-12T15:33:24","modified_gmt":"2026-02-12T15:33:24","slug":"contact-etchegaray-municipales-2026","status":"publish","type":"page","link":"https:\/\/etchegaray2026.fr\/eu\/contact-etchegaray-municipales-2026\/","title":{"rendered":"Kontaktuak"},"content":{"rendered":"\t\t<div data-elementor-type=\"wp-page\" data-elementor-id=\"988786\" class=\"elementor elementor-988786 elementor-987995\" data-elementor-post-type=\"page\">\n\t\t\t\t<div class=\"elementor-element elementor-element-14b7fee e-con-full e-flex e-con e-parent\" data-id=\"14b7fee\" data-element_type=\"container\">\n\t\t<div class=\"elementor-element elementor-element-1d7d752 e-flex e-con-boxed e-con e-child\" data-id=\"1d7d752\" data-element_type=\"container\" data-settings=\"{&quot;background_background&quot;:&quot;gradient&quot;}\">\n\t\t\t\t\t<div class=\"e-con-inner\">\n\t\t\t\t<div class=\"elementor-element elementor-element-5913e4e elementor-invisible elementor-widget__width-auto animated-fast elementor-widget elementor-widget-theme-post-title elementor-page-title elementor-widget-heading\" data-id=\"5913e4e\" data-element_type=\"widget\" id=\"h1-en-h2\" data-settings=\"{&quot;_animation&quot;:&quot;fadeIn&quot;,&quot;_animation_delay&quot;:50}\" data-widget_type=\"theme-post-title.default\">\n\t\t\t\t<div class=\"elementor-widget-container\">\n\t\t\t\t\t<h1 class=\"elementor-heading-title elementor-size-default\">Kontaktuak<\/h1>\t\t\t\t<\/div>\n\t\t\t\t<\/div>\n\t\t\t\t<div class=\"elementor-element elementor-element-f448d68 elementor-invisible elementor-widget__width-auto animated-fast elementor-widget elementor-widget-heading\" data-id=\"f448d68\" data-element_type=\"widget\" data-settings=\"{&quot;_animation&quot;:&quot;fadeIn&quot;,&quot;_animation_delay&quot;:100}\" data-widget_type=\"heading.default\">\n\t\t\t\t<div class=\"elementor-widget-container\">\n\t\t\t\t\t<h2 class=\"elementor-heading-title elementor-size-default\">Galderarik, oharrik edo proposamenik?<br>\nEz izan zalantzarik gurekin harremanetan sartzeko; ahalik eta lasterren erantzungo dizugu<\/h2>\t\t\t\t<\/div>\n\t\t\t\t<\/div>\n\t\t\t\t\t<\/div>\n\t\t\t\t<\/div>\n\t\t\t\t<\/div>\n\t\t<div class=\"elementor-element elementor-element-68f5294 elementor-invisible animated-fast e-flex e-con-boxed e-con e-parent\" data-id=\"68f5294\" data-element_type=\"container\" data-settings=\"{&quot;animation&quot;:&quot;fadeIn&quot;,&quot;animation_delay&quot;:50}\">\n\t\t\t\t\t<div class=\"e-con-inner\">\n\t\t<div class=\"elementor-element elementor-element-41c2e26 e-con-full e-flex e-con e-child\" data-id=\"41c2e26\" data-element_type=\"container\">\n\t\t\t\t<div class=\"vamtam-has-theme-widget-styles elementor-element elementor-element-6bf94f6 elementor-view-stacked elementor-widget-mobile__width-initial elementor-shape-circle elementor-widget elementor-widget-icon\" data-id=\"6bf94f6\" data-element_type=\"widget\" data-widget_type=\"icon.default\">\n\t\t\t\t<div class=\"elementor-widget-container\">\n\t\t\t\t\t\t\t<div class=\"elementor-icon-wrapper\">\n\t\t\t<div class=\"elementor-icon\">\n\t\t\t<i aria-hidden=\"true\" class=\"vamtamtheme- vamtam-theme-pin\"><\/i>\t\t\t<\/div>\n\t\t<\/div>\n\t\t\t\t\t\t<\/div>\n\t\t\t\t<\/div>\n\t\t<div class=\"elementor-element elementor-element-8e0c57a e-con-full e-flex e-con e-child\" data-id=\"8e0c57a\" data-element_type=\"container\">\n\t\t\t\t<div class=\"elementor-element elementor-element-36bd218 elementor-widget elementor-widget-heading\" data-id=\"36bd218\" data-element_type=\"widget\" data-widget_type=\"heading.default\">\n\t\t\t\t<div class=\"elementor-widget-container\">\n\t\t\t\t\t<div class=\"elementor-heading-title elementor-size-default\">Kanpainako egoitza<\/div>\t\t\t\t<\/div>\n\t\t\t\t<\/div>\n\t\t\t\t<div class=\"elementor-element elementor-element-89cf73d elementor-widget elementor-widget-heading\" data-id=\"89cf73d\" data-element_type=\"widget\" data-widget_type=\"heading.default\">\n\t\t\t\t<div class=\"elementor-widget-container\">\n\t\t\t\t\t<div class=\"elementor-heading-title elementor-size-default\"><a href=\"https:\/\/www.google.com\/maps\/place\/25+All.+Marines,+64100+Bayonne\/@43.4966165,-1.4892581,16z\/data=!4m6!3m5!1s0xd51405f1a4bab9b:0x1a8adafbbdf3ed2a!8m2!3d43.4966126!4d-1.4841029!16s%2Fg%2F11v0j8cc19?entry=ttu&#038;g_ep=EgoyMDI2MDEyNS4wIKXMDSoKLDEwMDc5MjA3M0gBUAM%3D\" target=\"_blank\">25, all\u00e9es Marines<br>\n64100 Bayonne<\/a><\/div>\t\t\t\t<\/div>\n\t\t\t\t<\/div>\n\t\t\t\t<\/div>\n\t\t\t\t<\/div>\n\t\t<div class=\"elementor-element elementor-element-39201bb e-con-full e-flex e-con e-child\" data-id=\"39201bb\" data-element_type=\"container\">\n\t\t\t\t<div class=\"vamtam-has-theme-widget-styles elementor-element elementor-element-334f9aa elementor-view-stacked elementor-widget-mobile__width-initial elementor-shape-circle elementor-widget elementor-widget-icon\" data-id=\"334f9aa\" data-element_type=\"widget\" data-widget_type=\"icon.default\">\n\t\t\t\t<div class=\"elementor-widget-container\">\n\t\t\t\t\t\t\t<div class=\"elementor-icon-wrapper\">\n\t\t\t<div class=\"elementor-icon\">\n\t\t\t<i aria-hidden=\"true\" class=\"vamtamtheme- vamtam-theme-phone\"><\/i>\t\t\t<\/div>\n\t\t<\/div>\n\t\t\t\t\t\t<\/div>\n\t\t\t\t<\/div>\n\t\t<div class=\"elementor-element elementor-element-fc585de e-con-full e-flex e-con e-child\" data-id=\"fc585de\" data-element_type=\"container\">\n\t\t\t\t<div class=\"elementor-element elementor-element-fa8b4c6 elementor-widget elementor-widget-heading\" data-id=\"fa8b4c6\" data-element_type=\"widget\" data-widget_type=\"heading.default\">\n\t\t\t\t<div class=\"elementor-widget-container\">\n\t\t\t\t\t<div class=\"elementor-heading-title elementor-size-default\">Harremanetan jarri<\/div>\t\t\t\t<\/div>\n\t\t\t\t<\/div>\n\t\t\t\t<div class=\"elementor-element elementor-element-0f737a1 elementor-widget elementor-widget-heading\" data-id=\"0f737a1\" data-element_type=\"widget\" data-widget_type=\"heading.default\">\n\t\t\t\t<div class=\"elementor-widget-container\">\n\t\t\t\t\t<div class=\"elementor-heading-title elementor-size-default\"><a href=\"tel:06%2072%2014%2061%2041\" target=\"_blank\">06 72 14 61 41<\/a><\/div>\t\t\t\t<\/div>\n\t\t\t\t<\/div>\n\t\t\t\t<\/div>\n\t\t\t\t<\/div>\n\t\t<div class=\"elementor-element elementor-element-d78601a e-con-full e-flex e-con e-child\" data-id=\"d78601a\" data-element_type=\"container\">\n\t\t\t\t<div class=\"vamtam-has-theme-widget-styles elementor-element elementor-element-addab16 elementor-view-stacked elementor-widget-mobile__width-initial elementor-shape-circle elementor-widget elementor-widget-icon\" data-id=\"addab16\" data-element_type=\"widget\" data-widget_type=\"icon.default\">\n\t\t\t\t<div class=\"elementor-widget-container\">\n\t\t\t\t\t\t\t<div class=\"elementor-icon-wrapper\">\n\t\t\t<div class=\"elementor-icon\">\n\t\t\t<i aria-hidden=\"true\" class=\"vamtamtheme- vamtam-theme-mail\"><\/i>\t\t\t<\/div>\n\t\t<\/div>\n\t\t\t\t\t\t<\/div>\n\t\t\t\t<\/div>\n\t\t<div class=\"elementor-element elementor-element-3682d09 e-con-full e-flex e-con e-child\" data-id=\"3682d09\" data-element_type=\"container\">\n\t\t\t\t<div class=\"elementor-element elementor-element-16cae11 elementor-widget elementor-widget-heading\" data-id=\"16cae11\" data-element_type=\"widget\" data-widget_type=\"heading.default\">\n\t\t\t\t<div class=\"elementor-widget-container\">\n\t\t\t\t\t<div class=\"elementor-heading-title elementor-size-default\">Idatzi<\/div>\t\t\t\t<\/div>\n\t\t\t\t<\/div>\n\t\t\t\t<div class=\"elementor-element elementor-element-8982c55 elementor-widget elementor-widget-heading\" data-id=\"8982c55\" data-element_type=\"widget\" data-widget_type=\"heading.default\">\n\t\t\t\t<div class=\"elementor-widget-container\">\n\t\t\t\t\t<div class=\"elementor-heading-title elementor-size-default\"><a href=\"mailto:contact@etchegaray2026.fr\">contact@etchegaray2026.fr<\/a><\/div>\t\t\t\t<\/div>\n\t\t\t\t<\/div>\n\t\t\t\t<\/div>\n\t\t\t\t<\/div>\n\t\t\t\t\t<\/div>\n\t\t\t\t<\/div>\n\t\t<div class=\"elementor-element elementor-element-e610056 e-flex e-con-boxed e-con e-child\" data-id=\"e610056\" data-element_type=\"container\">\n\t\t\t\t\t<div class=\"e-con-inner\">\n\t\t<div class=\"elementor-element elementor-element-8abd119 e-con-full e-flex e-con e-child\" data-id=\"8abd119\" data-element_type=\"container\">\n\t\t<div class=\"elementor-element elementor-element-9616ce3 e-con-full e-flex e-con e-child\" data-id=\"9616ce3\" data-element_type=\"container\" data-settings=\"{&quot;background_background&quot;:&quot;classic&quot;}\">\n\t\t\t\t<div class=\"elementor-element elementor-element-bc8a809 elementor-widget elementor-widget-image\" data-id=\"bc8a809\" data-element_type=\"widget\" data-widget_type=\"image.default\">\n\t\t\t\t<div class=\"elementor-widget-container\">\n\t\t\t\t\t\t\t\t\t\t\t\t\t\t\t<img fetchpriority=\"high\" decoding=\"async\" width=\"1394\" height=\"331\" src=\"https:\/\/etchegaray2026.fr\/wp-content\/uploads\/2026\/01\/Logo-JRE_Blanc.webp\" class=\"attachment-full size-full wp-image-988788\" alt=\"Jean-Ren\u00e9 Etchegaray \u2013 \u00c9lections municipales Bayonne 2026\" srcset=\"https:\/\/etchegaray2026.fr\/wp-content\/uploads\/2026\/01\/Logo-JRE_Blanc.webp 1394w, https:\/\/etchegaray2026.fr\/wp-content\/uploads\/2026\/01\/Logo-JRE_Blanc-300x71.png 300w, https:\/\/etchegaray2026.fr\/wp-content\/uploads\/2026\/01\/Logo-JRE_Blanc-1024x243.png 1024w, https:\/\/etchegaray2026.fr\/wp-content\/uploads\/2026\/01\/Logo-JRE_Blanc-768x182.png 768w\" sizes=\"(max-width: 1394px) 100vw, 1394px\" \/>\t\t\t\t\t\t\t\t\t\t\t\t\t\t\t<\/div>\n\t\t\t\t<\/div>\n\t\t\t\t<div class=\"elementor-element elementor-element-ffa4198 elementor-widget elementor-widget-image\" data-id=\"ffa4198\" data-element_type=\"widget\" data-widget_type=\"image.default\">\n\t\t\t\t<div class=\"elementor-widget-container\">\n\t\t\t\t\t\t\t\t\t\t\t\t\t\t\t<img decoding=\"async\" width=\"858\" height=\"294\" src=\"https:\/\/etchegaray2026.fr\/wp-content\/uploads\/2026\/01\/jre-2026-bayonne.webp\" class=\"attachment-full size-full wp-image-988789\" alt=\"Jean-Ren\u00e9 Etchegaray \u2013 \u00c9lections municipales Bayonne 2026\" srcset=\"https:\/\/etchegaray2026.fr\/wp-content\/uploads\/2026\/01\/jre-2026-bayonne.webp 858w, https:\/\/etchegaray2026.fr\/wp-content\/uploads\/2026\/01\/jre-2026-bayonne-300x103.webp 300w, https:\/\/etchegaray2026.fr\/wp-content\/uploads\/2026\/01\/jre-2026-bayonne-768x263.png 768w\" sizes=\"(max-width: 858px) 100vw, 858px\" \/>\t\t\t\t\t\t\t\t\t\t\t\t\t\t\t<\/div>\n\t\t\t\t<\/div>\n\t\t\t\t<\/div>\n\t\t\t\t<\/div>\n\t\t<div class=\"elementor-element elementor-element-8ea2089 e-con-full e-flex e-con e-child\" data-id=\"8ea2089\" data-element_type=\"container\">\n\t\t<div class=\"elementor-element elementor-element-2a6e928 e-con-full e-flex e-con e-child\" data-id=\"2a6e928\" data-element_type=\"container\" data-settings=\"{&quot;background_background&quot;:&quot;classic&quot;}\">\n\t\t\t\t<div class=\"elementor-element elementor-element-41a85f6 elementor-widget elementor-widget-google_maps\" data-id=\"41a85f6\" data-element_type=\"widget\" data-widget_type=\"google_maps.default\">\n\t\t\t\t<div class=\"elementor-widget-container\">\n\t\t\t\t\t\t\t<div class=\"elementor-custom-embed\">\n\t\t\t<iframe loading=\"lazy\"\n\t\t\t\t\tsrc=\"https:\/\/maps.google.com\/maps?q=25%2C%20all%C3%A9es%20Marines%2064100%20Bayonne&#038;t=m&#038;z=15&#038;output=embed&#038;iwloc=near\"\n\t\t\t\t\ttitle=\"25, all\u00e9es Marines 64100 Bayonne\"\n\t\t\t\t\taria-label=\"25, all\u00e9es Marines 64100 Bayonne\"\n\t\t\t><\/iframe>\n\t\t<\/div>\n\t\t\t\t\t\t<\/div>\n\t\t\t\t<\/div>\n\t\t\t\t<\/div>\n\t\t\t\t<\/div>\n\t\t\t\t\t<\/div>\n\t\t\t\t<\/div>\n\t\t\t\t<\/div>\n\t\t","protected":false},"excerpt":{"rendered":"<p>Galderarik, oharrik edo proposamenik? Ez izan zalantzarik gurekin harremanetan sartzeko; ahalik eta lasterren erantzungo dizugu Kanpainako egoitza 25, all\u00e9es Marines 64100 Bayonne Harremanetan jarri 06 72 14 61 41 Idatzi contact@etchegaray2026.fr<\/p>\n","protected":false},"author":1,"featured_media":0,"parent":0,"menu_order":0,"comment_status":"closed","ping_status":"closed","template":"","meta":{"_seopress_robots_primary_cat":"","_seopress_titles_title":"Contact - Jean-Ren\u00e9 Etchegaray 2026","_seopress_titles_desc":"D\u00e9couvrez ici les coordonn\u00e9es relatives \u00e0 la campagne de Jean-Ren\u00e9 Etchegaray pour les \u00e9lections municipales de 2026","_seopress_robots_index":"","_angie_page":false,"footnotes":""},"class_list":["post-988786","page","type-page","status-publish","hentry"],"_links":{"self":[{"href":"https:\/\/etchegaray2026.fr\/eu\/wp-json\/wp\/v2\/pages\/988786","targetHints":{"allow":["GET"]}}],"collection":[{"href":"https:\/\/etchegaray2026.fr\/eu\/wp-json\/wp\/v2\/pages"}],"about":[{"href":"https:\/\/etchegaray2026.fr\/eu\/wp-json\/wp\/v2\/types\/page"}],"author":[{"embeddable":true,"href":"https:\/\/etchegaray2026.fr\/eu\/wp-json\/wp\/v2\/users\/1"}],"replies":[{"embeddable":true,"href":"https:\/\/etchegaray2026.fr\/eu\/wp-json\/wp\/v2\/comments?post=988786"}],"version-history":[{"count":13,"href":"https:\/\/etchegaray2026.fr\/eu\/wp-json\/wp\/v2\/pages\/988786\/revisions"}],"predecessor-version":[{"id":988816,"href":"https:\/\/etchegaray2026.fr\/eu\/wp-json\/wp\/v2\/pages\/988786\/revisions\/988816"}],"wp:attachment":[{"href":"https:\/\/etchegaray2026.fr\/eu\/wp-json\/wp\/v2\/media?parent=988786"}],"curies":[{"name":"wp","href":"https:\/\/api.w.org\/{rel}","templated":true}]}}