{"id":988779,"date":"2026-02-02T15:51:04","date_gmt":"2026-02-02T15:51:04","guid":{"rendered":"https:\/\/etchegaray2026.fr\/procuration\/"},"modified":"2026-02-12T12:49:38","modified_gmt":"2026-02-12T12:49:38","slug":"procuration","status":"publish","type":"page","link":"https:\/\/etchegaray2026.fr\/eu\/procuration\/","title":{"rendered":"Bozka ordezkaritza bat egin"},"content":{"rendered":"\t\t<div data-elementor-type=\"wp-page\" data-elementor-id=\"988779\" class=\"elementor elementor-988779 elementor-988320\" data-elementor-post-type=\"page\">\n\t\t\t\t<div class=\"elementor-element elementor-element-14b7fee e-con-full e-flex e-con e-parent\" data-id=\"14b7fee\" data-element_type=\"container\">\n\t\t<div class=\"elementor-element elementor-element-1d7d752 e-flex e-con-boxed e-con e-child\" data-id=\"1d7d752\" data-element_type=\"container\" data-settings=\"{&quot;background_background&quot;:&quot;gradient&quot;}\">\n\t\t\t\t\t<div class=\"e-con-inner\">\n\t\t\t\t<div class=\"elementor-element elementor-element-5913e4e elementor-invisible elementor-widget__width-auto animated-fast elementor-widget elementor-widget-theme-post-title elementor-page-title elementor-widget-heading\" data-id=\"5913e4e\" data-element_type=\"widget\" data-settings=\"{&quot;_animation&quot;:&quot;fadeIn&quot;,&quot;_animation_delay&quot;:50}\" data-widget_type=\"theme-post-title.default\">\n\t\t\t\t<div class=\"elementor-widget-container\">\n\t\t\t\t\t<span class=\"elementor-heading-title elementor-size-default\">Bozka ordezkaritza bat egin<\/span>\t\t\t\t<\/div>\n\t\t\t\t<\/div>\n\t\t\t\t<div class=\"elementor-element elementor-element-f448d68 elementor-invisible elementor-widget__width-auto animated-fast elementor-widget elementor-widget-heading\" data-id=\"f448d68\" data-element_type=\"widget\" data-settings=\"{&quot;_animation&quot;:&quot;fadeIn&quot;,&quot;_animation_delay&quot;:100}\" data-widget_type=\"heading.default\">\n\t\t\t\t<div class=\"elementor-widget-container\">\n\t\t\t\t\t<h1 class=\"elementor-heading-title elementor-size-default\">Udal hauteskundeendako bozka ordezkaritza<\/h1>\t\t\t\t<\/div>\n\t\t\t\t<\/div>\n\t\t\t\t\t<\/div>\n\t\t\t\t<\/div>\n\t\t\t\t<\/div>\n\t\t<div class=\"elementor-element elementor-element-e610056 e-flex e-con-boxed e-con e-child\" data-id=\"e610056\" data-element_type=\"container\">\n\t\t\t\t\t<div class=\"e-con-inner\">\n\t\t<div class=\"elementor-element elementor-element-8abd119 e-con-full e-flex e-con e-child\" data-id=\"8abd119\" data-element_type=\"container\">\n\t\t<div class=\"elementor-element elementor-element-9616ce3 e-con-full e-flex e-con e-child\" data-id=\"9616ce3\" data-element_type=\"container\" data-settings=\"{&quot;background_background&quot;:&quot;classic&quot;}\">\n\t\t\t\t<div class=\"elementor-element elementor-element-a4bbf82 elementor-invisible animated-fast elementor-widget__width-initial elementor-widget elementor-widget-text-editor\" data-id=\"a4bbf82\" data-element_type=\"widget\" data-settings=\"{&quot;_animation&quot;:&quot;fadeIn&quot;,&quot;_animation_delay&quot;:100}\" data-widget_type=\"text-editor.default\">\n\t\t\t\t<div class=\"elementor-widget-container\">\n\t\t\t\t\t\t\t\t\t<p>Ezin baduzu hauteskunde udal egunean bozkalekura joan, bozka ordezkaritzak aukera ematen dizu hala ere bozketan parte hartzeko.<br \/>Zure konfiantzazko hautesle bati ordezkaritza eman diezaiokezu edo senide edo hurbileko baten ordez bozkatzeko ordezkaritza jaso.<\/p><p>Aukeratu zure egoerari dagokion izapidea:<\/p>\t\t\t\t\t\t\t\t<\/div>\n\t\t\t\t<\/div>\n\t\t\t\t<\/div>\n\t\t\t\t<\/div>\n\t\t<div class=\"elementor-element elementor-element-8ea2089 e-con-full e-flex e-con e-child\" data-id=\"8ea2089\" data-element_type=\"container\">\n\t\t<div class=\"elementor-element elementor-element-2a6e928 e-con-full e-flex e-con e-child\" data-id=\"2a6e928\" data-element_type=\"container\" data-settings=\"{&quot;background_background&quot;:&quot;classic&quot;}\">\n\t\t\t\t<div class=\"vamtam-has-theme-widget-styles elementor-element elementor-element-066f18d elementor-invisible animated-fast elementor-widget elementor-widget-button\" data-id=\"066f18d\" data-element_type=\"widget\" data-settings=\"{&quot;_animation&quot;:&quot;slideInUp&quot;,&quot;_animation_delay&quot;:50}\" data-widget_type=\"button.default\">\n\t\t\t\t<div class=\"elementor-widget-container\">\n\t\t\t\t\t\t\t\t\t<div class=\"elementor-button-wrapper\">\n\t\t\t\t\t<a class=\"elementor-button elementor-button-link elementor-size-sm\" href=\"https:\/\/procurations.eaggle.fr\/186-EuUz\/mandant\" target=\"_blank\">\n\t\t\t\t\t\t<span class=\"elementor-button-content-wrapper\">\n\t\t\t\t\t\t\t\t\t<span class=\"elementor-button-text\">Ordezkaritza eman nahi dut<\/span>\n\t\t\t\t\t<\/span>\n\t\t\t\t\t<\/a>\n\t\t\t\t<\/div>\n\t\t\t\t\t\t\t\t<\/div>\n\t\t\t\t<\/div>\n\t\t\t\t<div class=\"vamtam-has-theme-widget-styles elementor-element elementor-element-6605211 elementor-invisible animated-fast elementor-widget elementor-widget-button\" data-id=\"6605211\" data-element_type=\"widget\" data-settings=\"{&quot;_animation&quot;:&quot;slideInUp&quot;,&quot;_animation_delay&quot;:50}\" data-widget_type=\"button.default\">\n\t\t\t\t<div class=\"elementor-widget-container\">\n\t\t\t\t\t\t\t\t\t<div class=\"elementor-button-wrapper\">\n\t\t\t\t\t<a class=\"elementor-button elementor-button-link elementor-size-sm\" href=\"https:\/\/procurations.eaggle.fr\/186-EuUz\/mandataire\" target=\"_blank\">\n\t\t\t\t\t\t<span class=\"elementor-button-content-wrapper\">\n\t\t\t\t\t\t\t\t\t<span class=\"elementor-button-text\">Ordezkaritza eraman dezaket<\/span>\n\t\t\t\t\t<\/span>\n\t\t\t\t\t<\/a>\n\t\t\t\t<\/div>\n\t\t\t\t\t\t\t\t<\/div>\n\t\t\t\t<\/div>\n\t\t\t\t<\/div>\n\t\t\t\t<\/div>\n\t\t\t\t\t<\/div>\n\t\t\t\t<\/div>\n\t\t\t\t<\/div>\n\t\t","protected":false},"excerpt":{"rendered":"<p>Udal hauteskundeendako bozka ordezkaritza Ezin baduzu hauteskunde udal egunean bozkalekura joan, bozka ordezkaritzak aukera ematen dizu hala ere bozketan parte hartzeko.Zure konfiantzazko hautesle bati ordezkaritza eman diezaiokezu edo senide edo hurbileko baten ordez bozkatzeko ordezkaritza jaso. Aukeratu zure egoerari dagokion izapidea: Ordezkaritza eman nahi dut Ordezkaritza eraman dezaket<\/p>\n","protected":false},"author":1,"featured_media":0,"parent":0,"menu_order":0,"comment_status":"closed","ping_status":"closed","template":"","meta":{"_seopress_robots_primary_cat":"","_seopress_titles_title":"Procuration : vote par procuration aux \u00e9lections municipales 2026","_seopress_titles_desc":"D\u00e9couvrez comment \u00e9tablir une procuration pour voter aux \u00e9lections municipales 2026 \u00e0 Bayonne : d\u00e9marches, pi\u00e8ces \u00e0 fournir, dates limites et liens officiels.","_seopress_robots_index":"","_angie_page":false,"footnotes":""},"class_list":["post-988779","page","type-page","status-publish","hentry"],"_links":{"self":[{"href":"https:\/\/etchegaray2026.fr\/eu\/wp-json\/wp\/v2\/pages\/988779","targetHints":{"allow":["GET"]}}],"collection":[{"href":"https:\/\/etchegaray2026.fr\/eu\/wp-json\/wp\/v2\/pages"}],"about":[{"href":"https:\/\/etchegaray2026.fr\/eu\/wp-json\/wp\/v2\/types\/page"}],"author":[{"embeddable":true,"href":"https:\/\/etchegaray2026.fr\/eu\/wp-json\/wp\/v2\/users\/1"}],"replies":[{"embeddable":true,"href":"https:\/\/etchegaray2026.fr\/eu\/wp-json\/wp\/v2\/comments?post=988779"}],"version-history":[{"count":4,"href":"https:\/\/etchegaray2026.fr\/eu\/wp-json\/wp\/v2\/pages\/988779\/revisions"}],"predecessor-version":[{"id":988785,"href":"https:\/\/etchegaray2026.fr\/eu\/wp-json\/wp\/v2\/pages\/988779\/revisions\/988785"}],"wp:attachment":[{"href":"https:\/\/etchegaray2026.fr\/eu\/wp-json\/wp\/v2\/media?parent=988779"}],"curies":[{"name":"wp","href":"https:\/\/api.w.org\/{rel}","templated":true}]}}