{"id":988716,"date":"2026-01-27T13:52:08","date_gmt":"2026-01-27T13:52:08","guid":{"rendered":"https:\/\/etchegaray2026.fr\/etchegaray-2026\/"},"modified":"2026-02-12T16:32:35","modified_gmt":"2026-02-12T16:32:35","slug":"etchegaray-2026","status":"publish","type":"page","link":"https:\/\/etchegaray2026.fr\/eu\/","title":{"rendered":"Harrera"},"content":{"rendered":"\t\t<div data-elementor-type=\"wp-page\" data-elementor-id=\"988716\" class=\"elementor elementor-988716 elementor-987655\" data-elementor-post-type=\"page\">\n\t\t\t\t<div class=\"elementor-element elementor-element-7be99eb e-flex e-con-boxed e-con e-parent\" data-id=\"7be99eb\" data-element_type=\"container\" data-settings=\"{&quot;background_background&quot;:&quot;classic&quot;}\">\n\t\t\t\t\t<div class=\"e-con-inner\">\n\t\t\t\t\t<\/div>\n\t\t\t\t<\/div>\n\t\t<div class=\"elementor-element elementor-element-e3816b8 e-flex e-con-boxed e-con e-parent\" data-id=\"e3816b8\" data-element_type=\"container\" data-settings=\"{&quot;background_background&quot;:&quot;gradient&quot;}\">\n\t\t\t\t\t<div class=\"e-con-inner\">\n\t\t<div class=\"elementor-element elementor-element-2106d47 e-con-full e-flex e-con e-child\" data-id=\"2106d47\" data-element_type=\"container\">\n\t\t<div class=\"elementor-element elementor-element-b291d66 elementor-invisible e-con-full blur-background animated-fast e-flex e-con e-child\" data-id=\"b291d66\" data-element_type=\"container\" data-settings=\"{&quot;background_background&quot;:&quot;classic&quot;,&quot;animation&quot;:&quot;slideInUp&quot;}\">\n\t\t\t\t<\/div>\n\t\t\t\t<\/div>\n\t\t\t\t\t<\/div>\n\t\t\t\t<\/div>\n\t\t<div class=\"elementor-element elementor-element-61b3693 e-flex e-con-boxed e-con e-parent\" data-id=\"61b3693\" data-element_type=\"container\">\n\t\t\t\t\t<div class=\"e-con-inner\">\n\t\t<div class=\"elementor-element elementor-element-1ca894c elementor-invisible e-con-full animated-fast e-flex e-con e-child\" data-id=\"1ca894c\" data-element_type=\"container\" data-settings=\"{&quot;animation&quot;:&quot;fadeInUp&quot;}\">\n\t\t\t\t<div class=\"elementor-element elementor-element-3086342 elementor-widget__width-initial elementor-widget elementor-widget-heading\" data-id=\"3086342\" data-element_type=\"widget\" data-widget_type=\"heading.default\">\n\t\t\t\t<div class=\"elementor-widget-container\">\n\t\t\t\t\t<h1 class=\"elementor-heading-title elementor-size-default\">Herri hauteskundeak <br> <span class=\"color-accent-4\"> 2026eko martxoaren 15 eta 22an <\/span><\/h1>\t\t\t\t<\/div>\n\t\t\t\t<\/div>\n\t\t\t\t<div class=\"vamtam-has-theme-widget-styles elementor-element elementor-element-05e1374 vamtam-icon-pos-row-reverse vamtam-has-icon-styles vamtam-has-hover-anim vamtam-has-outside-icon elementor-align-right elementor-widget__width-initial elementor-widget elementor-widget-button\" data-id=\"05e1374\" data-element_type=\"widget\" data-widget_type=\"button.default\">\n\t\t\t\t<div class=\"elementor-widget-container\">\n\t\t\t\t\t\t\t\t\t<div class=\"elementor-button-wrapper\">\n\t\t\t\t\t<a class=\"elementor-button elementor-button-link elementor-size-sm\" href=\"https:\/\/docs.google.com\/forms\/d\/e\/1FAIpQLScahcAwtIWvWSzkh90WOnPvwgTX3SlK4QSVbRH3SsIMTlBw1Q\/viewform\" target=\"_blank\">\n\t\t\t\t\t\t<span class=\"elementor-button-content-wrapper\">\n\t\t\t\t\t\t<span class=\"elementor-button-icon\">\n\t\t\t\t<i aria-hidden=\"true\" class=\"vamtamtheme- vamtam-theme-arrow-link-up\"><\/i>\t\t\t<\/span>\n\t\t\t\t\t\t\t\t\t<span class=\"elementor-button-text\">Parte hartu<\/span>\n\t\t\t\t\t<\/span>\n\t\t\t\t\t<\/a>\n\t\t\t\t<\/div>\n\t\t\t\t\t\t\t\t<\/div>\n\t\t\t\t<\/div>\n\t\t\t\t<\/div>\n\t\t\t\t\t<\/div>\n\t\t\t\t<\/div>\n\t\t<div class=\"elementor-element elementor-element-265e4da e-con-full e-flex e-con e-parent\" data-id=\"265e4da\" data-element_type=\"container\">\n\t\t<div class=\"elementor-element elementor-element-2842dd7 e-flex e-con-boxed e-con e-child\" data-id=\"2842dd7\" data-element_type=\"container\" data-settings=\"{&quot;background_background&quot;:&quot;classic&quot;}\">\n\t\t\t\t\t<div class=\"e-con-inner\">\n\t\t<div class=\"elementor-element elementor-element-902cbf0 e-con-full e-flex e-con e-child\" data-id=\"902cbf0\" data-element_type=\"container\">\n\t\t<div class=\"elementor-element elementor-element-69d4ad1 e-con-full e-flex e-con e-child\" data-id=\"69d4ad1\" data-element_type=\"container\">\n\t\t\t\t<div class=\"elementor-element elementor-element-1de9093 elementor-invisible elementor-widget__width-initial animated-fast elementor-widget elementor-widget-heading\" data-id=\"1de9093\" data-element_type=\"widget\" data-settings=\"{&quot;_animation&quot;:&quot;fadeIn&quot;}\" data-widget_type=\"heading.default\">\n\t\t\t\t<div class=\"elementor-widget-container\">\n\t\t\t\t\t<h2 class=\"elementor-heading-title elementor-size-default\">Baionari buruzko zuen ideiek balioa dute\n<\/h2>\t\t\t\t<\/div>\n\t\t\t\t<\/div>\n\t\t\t\t<\/div>\n\t\t\t\t<\/div>\n\t\t<div class=\"elementor-element elementor-element-fbaf4ca e-con-full e-flex e-con e-child\" data-id=\"fbaf4ca\" data-element_type=\"container\">\n\t\t\t\t<div class=\"elementor-element elementor-element-f7c6203 elementor-invisible animated-fast elementor-widget elementor-widget-text-editor\" data-id=\"f7c6203\" data-element_type=\"widget\" data-settings=\"{&quot;_animation&quot;:&quot;fadeIn&quot;,&quot;_animation_delay&quot;:100}\" data-widget_type=\"text-editor.default\">\n\t\t\t\t<div class=\"elementor-widget-container\">\n\t\t\t\t\t\t\t\t\tMinututxo batzu hartu gure inkestari erantzuteko, zure itxaropenak eta proposamenak partekatzeko gure hirirako.\t\t\t\t\t\t\t\t<\/div>\n\t\t\t\t<\/div>\n\t\t\t\t<div class=\"vamtam-has-theme-widget-styles elementor-element elementor-element-22f6dc4 elementor-invisible animated-fast elementor-widget elementor-widget-button\" data-id=\"22f6dc4\" data-element_type=\"widget\" data-settings=\"{&quot;_animation&quot;:&quot;slideInUp&quot;,&quot;_animation_delay&quot;:50}\" data-widget_type=\"button.default\">\n\t\t\t\t<div class=\"elementor-widget-container\">\n\t\t\t\t\t\t\t\t\t<div class=\"elementor-button-wrapper\">\n\t\t\t\t\t<a class=\"elementor-button elementor-button-link elementor-size-sm\" href=\"https:\/\/docs.google.com\/forms\/d\/e\/1FAIpQLSeVVJUa4Fy3Q2_io9cmS9o1RefVd34uqVMJ2h8tU4GAg3_9Bg\/viewform\" target=\"_blank\">\n\t\t\t\t\t\t<span class=\"elementor-button-content-wrapper\">\n\t\t\t\t\t\t\t\t\t<span class=\"elementor-button-text\">Eman zure iritzia<\/span>\n\t\t\t\t\t<\/span>\n\t\t\t\t\t<\/a>\n\t\t\t\t<\/div>\n\t\t\t\t\t\t\t\t<\/div>\n\t\t\t\t<\/div>\n\t\t\t\t<\/div>\n\t\t\t\t\t<\/div>\n\t\t\t\t<\/div>\n\t\t\t\t<\/div>\n\t\t<div class=\"elementor-element elementor-element-05f1e8c e-flex e-con-boxed e-con e-parent\" data-id=\"05f1e8c\" data-element_type=\"container\" data-settings=\"{&quot;background_background&quot;:&quot;classic&quot;}\">\n\t\t\t\t\t<div class=\"e-con-inner\">\n\t\t<div class=\"elementor-element elementor-element-6b5ea12 e-con-full e-flex e-con e-child\" data-id=\"6b5ea12\" data-element_type=\"container\">\n\t\t<div class=\"elementor-element elementor-element-26acee9 e-con-full e-flex e-con e-child\" data-id=\"26acee9\" data-element_type=\"container\" data-settings=\"{&quot;background_background&quot;:&quot;classic&quot;}\">\n\t\t\t\t<\/div>\n\t\t<div class=\"elementor-element elementor-element-0caf368 e-con-full e-flex e-con e-child\" data-id=\"0caf368\" data-element_type=\"container\" data-settings=\"{&quot;background_background&quot;:&quot;classic&quot;}\">\n\t\t\t\t<div class=\"elementor-element elementor-element-38fd602 elementor-invisible elementor-widget__width-auto animated-fast elementor-widget elementor-widget-heading\" data-id=\"38fd602\" data-element_type=\"widget\" data-settings=\"{&quot;_animation&quot;:&quot;fadeIn&quot;,&quot;_animation_delay&quot;:50}\" data-widget_type=\"heading.default\">\n\t\t\t\t<div class=\"elementor-widget-container\">\n\t\t\t\t\t<div class=\"elementor-heading-title elementor-size-default\">Jean-Ren\u00e9 Etchegaray-ren  gutuna Baionako herritarrei<\/div>\t\t\t\t<\/div>\n\t\t\t\t<\/div>\n\t\t\t\t<div class=\"elementor-element elementor-element-1000ce9 elementor-widget elementor-widget-image\" data-id=\"1000ce9\" data-element_type=\"widget\" data-widget_type=\"image.default\">\n\t\t\t\t<div class=\"elementor-widget-container\">\n\t\t\t\t\t\t\t\t\t\t\t\t\t\t\t<img alt=\"\" decoding=\"async\" width=\"146\" height=\"22\" src=\"https:\/\/etchegaray2026.fr\/wp-content\/uploads\/2026\/02\/Fichier-1.svg\" class=\"attachment-full size-full wp-image-988676\" alt=\"\" \/>\t\t\t\t\t\t\t\t\t\t\t\t\t\t\t<\/div>\n\t\t\t\t<\/div>\n\t\t\t\t<div class=\"elementor-element elementor-element-5446e0d elementor-invisible animated-fast elementor-widget elementor-widget-text-editor\" data-id=\"5446e0d\" data-element_type=\"widget\" data-settings=\"{&quot;_animation&quot;:&quot;fadeIn&quot;,&quot;_animation_delay&quot;:100}\" data-widget_type=\"text-editor.default\">\n\t\t\t\t<div class=\"elementor-widget-container\">\n\t\t\t\t\t\t\t\t\t<p>Nire erabakia 2026ko martxoaren 15eko udal hauteskundeetan hautagai izatea izan da.<br \/>Gure taldearekin, gure konpromisoak betetzen saiatu gara, zuekin etengabe elkarrizketan segituz. Baiona eraldatu, edertu eta eguneratu da, bere nortasuna zaindu duen bitartean.<\/p><p>Gure ekintza hauek izan dira:<br \/><span style=\"font-size: 16px; padding-left: 40px;\">\u2022 Zuen babesa, segurtasun publiko eta osasunari dagokionez neurri sendoekin<\/span><br \/><span style=\"font-size: 16px; padding-left: 40px;\">\u2022 Zuen bizi-ingurunea edertzea, espazio publiko zuhaitzatu eta eraberrituz <\/span><br \/><span style=\"font-size: 16px; padding-left: 40px;\">\u2022 Eguneroko bizitzan laguntzea, denentzat eskugarri diren zerbitzu publiko hurbil eta gizatiarrekin<\/span><\/p><p>Gaur egun, zuekin batera, Baionaren aintzinarazteko nahikeri iraunkorra hor dut beti.<br \/>Elkarrizketan eta batasunean jarraiki dezagun, Baiona babesle, aurrerakoi eta etorkizuna prestatzen duen hiria izaten segi dezan.<br \/>Datozen asteetan, berriz ikusiko gara elgar, zuen hitzak eta lehentasunak entzuteko.<\/p><p>Baionarentzat, funtsezkoa zuek zarete!<\/p>\t\t\t\t\t\t\t\t<\/div>\n\t\t\t\t<\/div>\n\t\t\t\t<div class=\"elementor-element elementor-element-5eec70f elementor-widget elementor-widget-image\" data-id=\"5eec70f\" data-element_type=\"widget\" data-widget_type=\"image.default\">\n\t\t\t\t<div class=\"elementor-widget-container\">\n\t\t\t\t\t\t\t\t\t\t\t\t\t\t\t<img decoding=\"async\" width=\"223\" height=\"34\" src=\"https:\/\/etchegaray2026.fr\/wp-content\/uploads\/2026\/01\/02.svg\" class=\"attachment-full size-full wp-image-988650\" alt=\"Jean-Ren\u00e9 Etchegaray \u2013 \u00c9lections municipales Bayonne 2026\" \/>\t\t\t\t\t\t\t\t\t\t\t\t\t\t\t<\/div>\n\t\t\t\t<\/div>\n\t\t\t\t<div class=\"elementor-element elementor-element-f31e084 elementor-invisible animated-fast elementor-widget elementor-widget-text-editor\" data-id=\"f31e084\" data-element_type=\"widget\" data-settings=\"{&quot;_animation&quot;:&quot;fadeIn&quot;,&quot;_animation_delay&quot;:100}\" data-widget_type=\"text-editor.default\">\n\t\t\t\t<div class=\"elementor-widget-container\">\n\t\t\t\t\t\t\t\t\tZuen alkatea\t\t\t\t\t\t\t\t<\/div>\n\t\t\t\t<\/div>\n\t\t\t\t<\/div>\n\t\t\t\t<\/div>\n\t\t\t\t\t<\/div>\n\t\t\t\t<\/div>\n\t\t<div class=\"elementor-element elementor-element-748d66a e-flex e-con-boxed e-con e-parent\" data-id=\"748d66a\" data-element_type=\"container\" data-settings=\"{&quot;background_background&quot;:&quot;classic&quot;}\">\n\t\t\t\t\t<div class=\"e-con-inner\">\n\t\t<div class=\"elementor-element elementor-element-07bf946 e-con-full e-flex e-con e-child\" data-id=\"07bf946\" data-element_type=\"container\">\n\t\t<div class=\"elementor-element elementor-element-dfc964b elementor-invisible e-con-full blur-background animated-fast e-flex e-con e-child\" data-id=\"dfc964b\" data-element_type=\"container\" data-settings=\"{&quot;background_background&quot;:&quot;classic&quot;,&quot;sticky&quot;:&quot;bottom&quot;,&quot;sticky_on&quot;:[&quot;desktop&quot;],&quot;sticky_offset&quot;:60,&quot;sticky_parent&quot;:&quot;yes&quot;,&quot;animation&quot;:&quot;fadeIn&quot;,&quot;sticky_effects_offset&quot;:0,&quot;sticky_anchor_link_offset&quot;:0}\">\n\t\t<div class=\"elementor-element elementor-element-ab20e51 e-con-full e-flex e-con e-child\" data-id=\"ab20e51\" data-element_type=\"container\">\n\t\t\t\t<div class=\"elementor-element elementor-element-405b37c elementor-invisible elementor-widget__width-auto animated-fast elementor-widget elementor-widget-heading\" data-id=\"405b37c\" data-element_type=\"widget\" data-settings=\"{&quot;_animation&quot;:&quot;fadeIn&quot;,&quot;_animation_delay&quot;:50}\" data-widget_type=\"heading.default\">\n\t\t\t\t<div class=\"elementor-widget-container\">\n\t\t\t\t\t<div class=\"elementor-heading-title elementor-size-default\">Gure bilana<\/div>\t\t\t\t<\/div>\n\t\t\t\t<\/div>\n\t\t\t\t<\/div>\n\t\t\t\t<div class=\"elementor-element elementor-element-2dc128d elementor-widget elementor-widget-heading\" data-id=\"2dc128d\" data-element_type=\"widget\" data-widget_type=\"heading.default\">\n\t\t\t\t<div class=\"elementor-widget-container\">\n\t\t\t\t\t<h2 class=\"elementor-heading-title elementor-size-default\">Baionaren eraldaketa:<\/h2>\t\t\t\t<\/div>\n\t\t\t\t<\/div>\n\t\t\t\t<div class=\"elementor-element elementor-element-0493fd0 elementor-widget elementor-widget-heading\" data-id=\"0493fd0\" data-element_type=\"widget\" data-widget_type=\"heading.default\">\n\t\t\t\t<div class=\"elementor-widget-container\">\n\t\t\t\t\t<h2 class=\"elementor-heading-title elementor-size-default\">bere burua berrasmatzen jakin duen hiria, bere nortasuna galdu gabe<\/h2>\t\t\t\t<\/div>\n\t\t\t\t<\/div>\n\t\t<div class=\"elementor-element elementor-element-ba89b34 e-con-full e-flex e-con e-child\" data-id=\"ba89b34\" data-element_type=\"container\">\n\t\t\t\t<div class=\"vamtam-has-theme-widget-styles elementor-element elementor-element-5459d21 elementor-widget elementor-widget-button\" data-id=\"5459d21\" data-element_type=\"widget\" data-widget_type=\"button.default\">\n\t\t\t\t<div class=\"elementor-widget-container\">\n\t\t\t\t\t\t\t\t\t<div class=\"elementor-button-wrapper\">\n\t\t\t\t\t<a class=\"elementor-button elementor-button-link elementor-size-sm\" href=\"https:\/\/etchegaray2026.fr\/eu\/notre-bilan\/\">\n\t\t\t\t\t\t<span class=\"elementor-button-content-wrapper\">\n\t\t\t\t\t\t\t\t\t<span class=\"elementor-button-text\">Bilana deskubritu<\/span>\n\t\t\t\t\t<\/span>\n\t\t\t\t\t<\/a>\n\t\t\t\t<\/div>\n\t\t\t\t\t\t\t\t<\/div>\n\t\t\t\t<\/div>\n\t\t\t\t<\/div>\n\t\t\t\t<\/div>\n\t\t\t\t<\/div>\n\t\t\t\t\t<\/div>\n\t\t\t\t<\/div>\n\t\t<div class=\"elementor-element elementor-element-46561a4 e-flex e-con-boxed e-con e-parent\" data-id=\"46561a4\" data-element_type=\"container\" data-settings=\"{&quot;background_background&quot;:&quot;classic&quot;}\">\n\t\t\t\t\t<div class=\"e-con-inner\">\n\t\t<div class=\"elementor-element elementor-element-6b9d263 e-con-full e-flex e-con e-child\" data-id=\"6b9d263\" data-element_type=\"container\" data-settings=\"{&quot;background_background&quot;:&quot;classic&quot;}\">\n\t\t<div class=\"elementor-element elementor-element-7d1f843 e-con-full e-flex e-con e-child\" data-id=\"7d1f843\" data-element_type=\"container\">\n\t\t<div class=\"elementor-element elementor-element-0bf8ad1 e-con-full e-flex e-con e-child\" data-id=\"0bf8ad1\" data-element_type=\"container\">\n\t\t\t\t<div class=\"elementor-element elementor-element-eb81968 elementor-invisible animated-fast elementor-widget elementor-widget-heading\" data-id=\"eb81968\" data-element_type=\"widget\" data-settings=\"{&quot;_animation&quot;:&quot;fadeIn&quot;}\" data-widget_type=\"heading.default\">\n\t\t\t\t<div class=\"elementor-widget-container\">\n\t\t\t\t\t<h3 class=\"elementor-heading-title elementor-size-default\">Baionako hauteskundeentzat, kanpaina zuekin eraikitzen da<\/h3>\t\t\t\t<\/div>\n\t\t\t\t<\/div>\n\t\t\t\t<div class=\"vamtam-has-theme-widget-styles elementor-element elementor-element-77f048b elementor-invisible animated-fast elementor-widget elementor-widget-button\" data-id=\"77f048b\" data-element_type=\"widget\" data-settings=\"{&quot;_animation&quot;:&quot;slideInUp&quot;,&quot;_animation_delay&quot;:50}\" data-widget_type=\"button.default\">\n\t\t\t\t<div class=\"elementor-widget-container\">\n\t\t\t\t\t\t\t\t\t<div class=\"elementor-button-wrapper\">\n\t\t\t\t\t<a class=\"elementor-button elementor-button-link elementor-size-sm\" href=\"https:\/\/docs.google.com\/forms\/d\/e\/1FAIpQLScahcAwtIWvWSzkh90WOnPvwgTX3SlK4QSVbRH3SsIMTlBw1Q\/viewform\" target=\"_blank\">\n\t\t\t\t\t\t<span class=\"elementor-button-content-wrapper\">\n\t\t\t\t\t\t\t\t\t<span class=\"elementor-button-text\">Kanpainan parte hartu<\/span>\n\t\t\t\t\t<\/span>\n\t\t\t\t\t<\/a>\n\t\t\t\t<\/div>\n\t\t\t\t\t\t\t\t<\/div>\n\t\t\t\t<\/div>\n\t\t\t\t<\/div>\n\t\t\t\t<\/div>\n\t\t<div class=\"elementor-element elementor-element-3f5732e e-con-full elementor-hidden-mobile e-flex e-con e-child\" data-id=\"3f5732e\" data-element_type=\"container\" data-settings=\"{&quot;background_background&quot;:&quot;classic&quot;}\">\n\t\t\t\t<\/div>\n\t\t\t\t<\/div>\n\t\t\t\t\t<\/div>\n\t\t\t\t<\/div>\n\t\t\t\t<\/div>\n\t\t","protected":false},"excerpt":{"rendered":"<p>Herri hauteskundeak 2026eko martxoaren 15 eta 22an Parte hartu Baionari buruzko zuen ideiek balioa dute Minututxo batzu hartu gure inkestari erantzuteko, zure itxaropenak eta proposamenak partekatzeko gure hirirako. Eman zure iritzia Jean-Ren\u00e9 Etchegaray-ren gutuna Baionako herritarrei Nire erabakia 2026ko martxoaren 15eko udal hauteskundeetan hautagai izatea izan da.Gure taldearekin, gure konpromisoak betetzen saiatu gara, zuekin etengabe&#8230;<\/p>\n","protected":false},"author":1,"featured_media":0,"parent":0,"menu_order":0,"comment_status":"closed","ping_status":"closed","template":"","meta":{"_seopress_robots_primary_cat":"","_seopress_titles_title":"Jean-Ren\u00e9 Etchegaray \u2013 \u00c9lections municipales Bayonne 2026","_seopress_titles_desc":"Site de campagne de Jean-Ren\u00e9 Etchegaray pour les \u00e9lections municipales de Bayonne 2026.","_seopress_robots_index":"","_angie_page":false,"footnotes":""},"class_list":["post-988716","page","type-page","status-publish","hentry"],"_links":{"self":[{"href":"https:\/\/etchegaray2026.fr\/eu\/wp-json\/wp\/v2\/pages\/988716","targetHints":{"allow":["GET"]}}],"collection":[{"href":"https:\/\/etchegaray2026.fr\/eu\/wp-json\/wp\/v2\/pages"}],"about":[{"href":"https:\/\/etchegaray2026.fr\/eu\/wp-json\/wp\/v2\/types\/page"}],"author":[{"embeddable":true,"href":"https:\/\/etchegaray2026.fr\/eu\/wp-json\/wp\/v2\/users\/1"}],"replies":[{"embeddable":true,"href":"https:\/\/etchegaray2026.fr\/eu\/wp-json\/wp\/v2\/comments?post=988716"}],"version-history":[{"count":61,"href":"https:\/\/etchegaray2026.fr\/eu\/wp-json\/wp\/v2\/pages\/988716\/revisions"}],"predecessor-version":[{"id":988862,"href":"https:\/\/etchegaray2026.fr\/eu\/wp-json\/wp\/v2\/pages\/988716\/revisions\/988862"}],"wp:attachment":[{"href":"https:\/\/etchegaray2026.fr\/eu\/wp-json\/wp\/v2\/media?parent=988716"}],"curies":[{"name":"wp","href":"https:\/\/api.w.org\/{rel}","templated":true}]}}